{"id":1005,"date":"2023-03-03T17:46:39","date_gmt":"2023-03-03T16:46:39","guid":{"rendered":"https:\/\/speakart.wit.edu.pl\/?page_id=1005"},"modified":"2023-03-03T17:53:23","modified_gmt":"2023-03-03T16:53:23","slug":"regulamin-konferencji","status":"publish","type":"page","link":"https:\/\/speakart.wit.edu.pl\/index.php\/pl\/regulamin-konferencji\/","title":{"rendered":"Regulamin Mi\u0119dzynarodowej Konferencji Naukowej \u201eART-LANUGAGE-TECHNOLOGY\u201d"},"content":{"rendered":"\t\t<div data-elementor-type=\"wp-page\" data-elementor-id=\"1005\" class=\"elementor elementor-1005\">\n\t\t\t\t\t\t<section class=\"elementor-section elementor-top-section elementor-element elementor-element-c5dc269 elementor-section-boxed elementor-section-height-default elementor-section-height-default\" data-id=\"c5dc269\" data-element_type=\"section\" data-settings=\"{&quot;background_background&quot;:&quot;classic&quot;}\">\n\t\t\t\t\t\t\t<div class=\"elementor-background-overlay\"><\/div>\n\t\t\t\t\t\t\t<div class=\"elementor-container elementor-column-gap-default\">\n\t\t\t\t\t<div class=\"elementor-column elementor-col-100 elementor-top-column elementor-element elementor-element-67c660a\" data-id=\"67c660a\" data-element_type=\"column\">\n\t\t\t<div class=\"elementor-widget-wrap elementor-element-populated\">\n\t\t\t\t\t\t<div class=\"elementor-element elementor-element-a8404e1 elementor-invisible elementor-widget elementor-widget-heading\" data-id=\"a8404e1\" data-element_type=\"widget\" data-settings=\"{&quot;_animation&quot;:&quot;fadeInDown&quot;}\" data-widget_type=\"heading.default\">\n\t\t\t\t<div class=\"elementor-widget-container\">\n\t\t\t<style>\/*! elementor - v3.19.0 - 07-02-2024 *\/\n.elementor-heading-title{padding:0;margin:0;line-height:1}.elementor-widget-heading .elementor-heading-title[class*=elementor-size-]>a{color:inherit;font-size:inherit;line-height:inherit}.elementor-widget-heading .elementor-heading-title.elementor-size-small{font-size:15px}.elementor-widget-heading .elementor-heading-title.elementor-size-medium{font-size:19px}.elementor-widget-heading .elementor-heading-title.elementor-size-large{font-size:29px}.elementor-widget-heading .elementor-heading-title.elementor-size-xl{font-size:39px}.elementor-widget-heading .elementor-heading-title.elementor-size-xxl{font-size:59px}<\/style><h4 class=\"elementor-heading-title elementor-size-default\">KONFERENCJA<\/h4>\t\t<\/div>\n\t\t\t\t<\/div>\n\t\t\t\t<div class=\"elementor-element elementor-element-254dc7d elementor-widget elementor-widget-spacer\" data-id=\"254dc7d\" data-element_type=\"widget\" data-widget_type=\"spacer.default\">\n\t\t\t\t<div class=\"elementor-widget-container\">\n\t\t\t<style>\/*! elementor - v3.19.0 - 07-02-2024 *\/\n.elementor-column .elementor-spacer-inner{height:var(--spacer-size)}.e-con{--container-widget-width:100%}.e-con-inner>.elementor-widget-spacer,.e-con>.elementor-widget-spacer{width:var(--container-widget-width,var(--spacer-size));--align-self:var(--container-widget-align-self,initial);--flex-shrink:0}.e-con-inner>.elementor-widget-spacer>.elementor-widget-container,.e-con>.elementor-widget-spacer>.elementor-widget-container{height:100%;width:100%}.e-con-inner>.elementor-widget-spacer>.elementor-widget-container>.elementor-spacer,.e-con>.elementor-widget-spacer>.elementor-widget-container>.elementor-spacer{height:100%}.e-con-inner>.elementor-widget-spacer>.elementor-widget-container>.elementor-spacer>.elementor-spacer-inner,.e-con>.elementor-widget-spacer>.elementor-widget-container>.elementor-spacer>.elementor-spacer-inner{height:var(--container-widget-height,var(--spacer-size))}.e-con-inner>.elementor-widget-spacer.elementor-widget-empty,.e-con>.elementor-widget-spacer.elementor-widget-empty{position:relative;min-height:22px;min-width:22px}.e-con-inner>.elementor-widget-spacer.elementor-widget-empty .elementor-widget-empty-icon,.e-con>.elementor-widget-spacer.elementor-widget-empty .elementor-widget-empty-icon{position:absolute;top:0;bottom:0;left:0;right:0;margin:auto;padding:0;width:22px;height:22px}<\/style>\t\t<div class=\"elementor-spacer\">\n\t\t\t<div class=\"elementor-spacer-inner\"><\/div>\n\t\t<\/div>\n\t\t\t\t<\/div>\n\t\t\t\t<\/div>\n\t\t\t\t<div class=\"elementor-element elementor-element-5e69f3a elementor-invisible elementor-widget elementor-widget-heading\" data-id=\"5e69f3a\" data-element_type=\"widget\" data-settings=\"{&quot;_animation&quot;:&quot;fadeInDown&quot;}\" data-widget_type=\"heading.default\">\n\t\t\t\t<div class=\"elementor-widget-container\">\n\t\t\t<h2 class=\"elementor-heading-title elementor-size-default\">Regulamin Mi\u0119dzynarodowej Konferencji Naukowej<br>\u201eART-LANUGAGE-TECHNOLOGY\u201d\n<\/h2>\t\t<\/div>\n\t\t\t\t<\/div>\n\t\t\t\t<div class=\"elementor-element elementor-element-564ab85 elementor-widget-divider--view-line_icon elementor-view-default elementor-widget-divider--element-align-center elementor-invisible elementor-widget elementor-widget-divider\" data-id=\"564ab85\" data-element_type=\"widget\" data-settings=\"{&quot;_animation&quot;:&quot;fadeInDown&quot;}\" data-widget_type=\"divider.default\">\n\t\t\t\t<div class=\"elementor-widget-container\">\n\t\t\t<style>\/*! elementor - v3.19.0 - 07-02-2024 *\/\n.elementor-widget-divider{--divider-border-style:none;--divider-border-width:1px;--divider-color:#0c0d0e;--divider-icon-size:20px;--divider-element-spacing:10px;--divider-pattern-height:24px;--divider-pattern-size:20px;--divider-pattern-url:none;--divider-pattern-repeat:repeat-x}.elementor-widget-divider .elementor-divider{display:flex}.elementor-widget-divider .elementor-divider__text{font-size:15px;line-height:1;max-width:95%}.elementor-widget-divider .elementor-divider__element{margin:0 var(--divider-element-spacing);flex-shrink:0}.elementor-widget-divider .elementor-icon{font-size:var(--divider-icon-size)}.elementor-widget-divider .elementor-divider-separator{display:flex;margin:0;direction:ltr}.elementor-widget-divider--view-line_icon .elementor-divider-separator,.elementor-widget-divider--view-line_text .elementor-divider-separator{align-items:center}.elementor-widget-divider--view-line_icon .elementor-divider-separator:after,.elementor-widget-divider--view-line_icon .elementor-divider-separator:before,.elementor-widget-divider--view-line_text .elementor-divider-separator:after,.elementor-widget-divider--view-line_text .elementor-divider-separator:before{display:block;content:\"\";border-block-end:0;flex-grow:1;border-block-start:var(--divider-border-width) var(--divider-border-style) var(--divider-color)}.elementor-widget-divider--element-align-left .elementor-divider .elementor-divider-separator>.elementor-divider__svg:first-of-type{flex-grow:0;flex-shrink:100}.elementor-widget-divider--element-align-left .elementor-divider-separator:before{content:none}.elementor-widget-divider--element-align-left .elementor-divider__element{margin-left:0}.elementor-widget-divider--element-align-right .elementor-divider .elementor-divider-separator>.elementor-divider__svg:last-of-type{flex-grow:0;flex-shrink:100}.elementor-widget-divider--element-align-right .elementor-divider-separator:after{content:none}.elementor-widget-divider--element-align-right .elementor-divider__element{margin-right:0}.elementor-widget-divider--element-align-start .elementor-divider .elementor-divider-separator>.elementor-divider__svg:first-of-type{flex-grow:0;flex-shrink:100}.elementor-widget-divider--element-align-start .elementor-divider-separator:before{content:none}.elementor-widget-divider--element-align-start .elementor-divider__element{margin-inline-start:0}.elementor-widget-divider--element-align-end .elementor-divider .elementor-divider-separator>.elementor-divider__svg:last-of-type{flex-grow:0;flex-shrink:100}.elementor-widget-divider--element-align-end .elementor-divider-separator:after{content:none}.elementor-widget-divider--element-align-end .elementor-divider__element{margin-inline-end:0}.elementor-widget-divider:not(.elementor-widget-divider--view-line_text):not(.elementor-widget-divider--view-line_icon) .elementor-divider-separator{border-block-start:var(--divider-border-width) var(--divider-border-style) var(--divider-color)}.elementor-widget-divider--separator-type-pattern{--divider-border-style:none}.elementor-widget-divider--separator-type-pattern.elementor-widget-divider--view-line .elementor-divider-separator,.elementor-widget-divider--separator-type-pattern:not(.elementor-widget-divider--view-line) .elementor-divider-separator:after,.elementor-widget-divider--separator-type-pattern:not(.elementor-widget-divider--view-line) .elementor-divider-separator:before,.elementor-widget-divider--separator-type-pattern:not([class*=elementor-widget-divider--view]) .elementor-divider-separator{width:100%;min-height:var(--divider-pattern-height);-webkit-mask-size:var(--divider-pattern-size) 100%;mask-size:var(--divider-pattern-size) 100%;-webkit-mask-repeat:var(--divider-pattern-repeat);mask-repeat:var(--divider-pattern-repeat);background-color:var(--divider-color);-webkit-mask-image:var(--divider-pattern-url);mask-image:var(--divider-pattern-url)}.elementor-widget-divider--no-spacing{--divider-pattern-size:auto}.elementor-widget-divider--bg-round{--divider-pattern-repeat:round}.rtl .elementor-widget-divider .elementor-divider__text{direction:rtl}.e-con-inner>.elementor-widget-divider,.e-con>.elementor-widget-divider{width:var(--container-widget-width,100%);--flex-grow:var(--container-widget-flex-grow)}<\/style>\t\t<div class=\"elementor-divider\">\n\t\t\t<span class=\"elementor-divider-separator\">\n\t\t\t\t\t\t\t<div class=\"elementor-icon elementor-divider__element\">\n\t\t\t\t\t<i aria-hidden=\"true\" class=\"fas fa-list-alt\"><\/i><\/div>\n\t\t\t\t\t\t<\/span>\n\t\t<\/div>\n\t\t\t\t<\/div>\n\t\t\t\t<\/div>\n\t\t\t\t<div class=\"elementor-element elementor-element-d7b66bb elementor-widget elementor-widget-spacer\" data-id=\"d7b66bb\" data-element_type=\"widget\" data-widget_type=\"spacer.default\">\n\t\t\t\t<div class=\"elementor-widget-container\">\n\t\t\t\t\t<div class=\"elementor-spacer\">\n\t\t\t<div class=\"elementor-spacer-inner\"><\/div>\n\t\t<\/div>\n\t\t\t\t<\/div>\n\t\t\t\t<\/div>\n\t\t\t\t<div class=\"elementor-element elementor-element-7af4db9b elementor-widget elementor-widget-text-editor\" data-id=\"7af4db9b\" data-element_type=\"widget\" data-widget_type=\"text-editor.default\">\n\t\t\t\t<div class=\"elementor-widget-container\">\n\t\t\t<style>\/*! elementor - v3.19.0 - 07-02-2024 *\/\n.elementor-widget-text-editor.elementor-drop-cap-view-stacked .elementor-drop-cap{background-color:#69727d;color:#fff}.elementor-widget-text-editor.elementor-drop-cap-view-framed .elementor-drop-cap{color:#69727d;border:3px solid;background-color:transparent}.elementor-widget-text-editor:not(.elementor-drop-cap-view-default) .elementor-drop-cap{margin-top:8px}.elementor-widget-text-editor:not(.elementor-drop-cap-view-default) .elementor-drop-cap-letter{width:1em;height:1em}.elementor-widget-text-editor .elementor-drop-cap{float:left;text-align:center;line-height:1;font-size:50px}.elementor-widget-text-editor .elementor-drop-cap-letter{display:inline-block}<\/style>\t\t\t\t<!-- wp:list {\"ordered\":true,\"type\":\"1\"} -->\n<ol type=\"1\"><!-- wp:list-item -->\n<li>Konferencja odb\u0119dzie si\u0119 w dniach 9 \u2013 11 maja 2023 r. (czwartek i pi\u0105tek) w Warszawie.<\/li>\n<!-- \/wp:list-item -->\n\n<!-- wp:list-item -->\n<li>W celu przygotowania imiennego zaproszenia prosz\u0119 przes\u0142a\u0107 na adres <a href=\"mailto:speakart@wit.edu.pl\">speakart@wit.edu.pl<\/a> dane kontaktowe (imi\u0119, nazwisko, pe\u0142niona funkcja, nazw\u0119 instytucji oraz adres poczty elektronicznej). Strona internetowa konferencji: <a href=\"http:\/\/speakart.wit.edu.pl\/\">http:\/\/speakart.wit.edu.pl\/<\/a><\/li>\n<!-- \/wp:list-item -->\n\n<!-- wp:list-item -->\n<li><strong>Przes\u0142anie adresu e-mail jest r\u00f3wnoznaczne z:<\/strong><!-- wp:list -->\n<ul><!-- wp:list-item -->\n<li>Wyra\u017ceniem zgody na przesy\u0142anie informacji na temat konferencji, seminari\u00f3w i szkole\u0144 organizowanych przez WIT Szko\u0142a Wy\u017csza w Warszawie.<\/li>\n<!-- \/wp:list-item -->\n\n<!-- wp:list-item -->\n<li>Wyra\u017ceniem zgody na przetwarzanie swoich danych osobowych zgodnie z Ustaw\u0105 o ochronie danych osobowych z dnia 29 sierpnia 1997 roku (Dz.U. 133 z dnia 29 pa\u017adziernika 1997 roku poz. 833.)<\/li>\n<!-- \/wp:list-item --><\/ul>\n<!-- \/wp:list --><\/li>\n<!-- \/wp:list-item -->\n\n<!-- wp:list-item -->\n<li>Miejsce obrad Konferencji \u2013 siedziba &nbsp;WIT ul. Newelska 6. Organizatorzy zastrzegaj\u0105 sobie mo\u017cliwo\u015b\u0107 zmiany miejsca konferencji w ramach kampusu WIT.<\/li>\n<!-- \/wp:list-item -->\n\n<!-- wp:list-item -->\n<li>Uczestnikiem Konferencji mo\u017ce zosta\u0107 ka\u017cdy, kto zg\u0142osi swoje uczestnictwo w wymaganym terminie, dokona op\u0142aty konferencyjnej oraz zostanie zakwalifikowany przez Rad\u0119 Programow\u0105.<\/li>\n<!-- \/wp:list-item -->\n\n<!-- wp:list-item -->\n<li>Op\u0142ata za uczestnictwo w mi\u0119dzynarodowej konferencji naukowej:<!-- wp:list -->\n<ul><!-- wp:list-item -->\n<li><strong>Pe\u0142na odp\u0142atno\u015b\u0107 w wysoko\u015bci PLN 475,00 (lub EUR 100)<\/strong>&nbsp;(uczestnictwo, wyst\u0105pienie, publikacja artyku\u0142u, materia\u0142y konferencyjne, przerwy kawowe, uroczysta kolacja, certyfikat);<\/li>\n<!-- \/wp:list-item --><\/ul>\n<!-- \/wp:list --><\/li>\n<!-- \/wp:list-item -->\n\n<!-- wp:list-item -->\n<li><strong>Dane do wp\u0142at za\u0142\u0105czone s\u0105 w karcie zg\u0142oszenia.<\/strong><\/li>\n<!-- \/wp:list-item -->\n\n<!-- wp:list-item -->\n<li>Z\u0142o\u017cenie artyku\u0142u do druku (w wymaganym terminie), a po pozytywnych recenzjach jego wydanie w pracy naukowej.<\/li>\n<!-- \/wp:list-item -->\n\n<!-- wp:list-item -->\n<li>W trakcie obrad sesji plenarnych przewiduje si\u0119 wyst\u0105pienia ok. 15 minut w j. polskim, angielskim (bez t\u0142umaczenia).<\/li>\n<!-- \/wp:list-item -->\n\n<!-- wp:list-item -->\n<li>Prezydium Konferencji zastrzega sobie prawo kwalifikowania zgodno\u015bci wyst\u0105pie\u0144 oraz tekst\u00f3w referat\u00f3w z obszarem tematycznym I Mi\u0119dzynarodowej Konferencji Naukowej.<\/li>\n<!-- \/wp:list-item -->\n\n<!-- wp:list-item -->\n<li>Organizator nie zapewnia uczestnikom dojazdu na Konferencj\u0119 oraz noclegu. Informacje na temat hoteli w okolicy miejsca konferencji dost\u0119pne na stronie www konferencji.<\/li>\n<!-- \/wp:list-item -->\n\n<!-- wp:list-item -->\n<li>Zarejestrowanie si\u0119 w charakterze Uczestnika Konferencji jest r\u00f3wnoznaczne z zaakceptowaniem niniejszego regulaminu.<\/li>\n<!-- \/wp:list-item -->\n\n<!-- wp:list-item -->\n<li>Harmonogram prac zwi\u0105zanych z Konferencj\u0105 jest nast\u0119puj\u0105cy:<!-- wp:list -->\n<ul><!-- wp:list-item -->\n<li><strong>do 17.04.2023:<\/strong>&nbsp;zg\u0142oszenie wyst\u0105pienia (w j\u0119zyku polskim oraz j\u0119zyku angielskim, zgodnie z formatk\u0105 karty zg\u0142oszenia). Rejestracja jest obowi\u0105zkowa dla wszystkich uczestnik\u00f3w.<\/li>\n<!-- \/wp:list-item -->\n\n<!-- wp:list-item -->\n<li><strong>do 30.04.2023:<\/strong>&nbsp;nale\u017cy dokona\u0107 op\u0142aty konferencyjnej (numer Konferencji i konta w karcie zg\u0142oszenia);<\/li>\n<!-- \/wp:list-item -->\n\n<!-- wp:list-item -->\n<li><strong>do 31.08.2023:<\/strong>&nbsp;przesy\u0142anie pe\u0142nych tekst\u00f3w referat\u00f3w do publikacji oraz notki biograficznej z afiliacj\u0105 miejsca pracy \u0142\u0105cznie;<\/li>\n<!-- \/wp:list-item --><\/ul>\n<!-- \/wp:list --><\/li>\n<!-- \/wp:list-item -->\n\n<!-- wp:list-item -->\n<li>J\u0119zykami roboczymi Konferencji s\u0105: polski, angielski (bez t\u0142umaczenia).<\/li>\n<!-- \/wp:list-item -->\n\n<!-- wp:list-item -->\n<li>Publikacja materia\u0142\u00f3w konferencyjnych zrealizowana zostanie w formie monografii pokonferencyjnej (z ISBN). Szczeg\u00f3\u0142owe informacje dotycz\u0105ce formatowania tekst\u00f3w oraz sporz\u0105dzania przypis\u00f3w znajduj\u0105 si\u0119 na stronie http:\/\/speakart.wit.edu.pl\/ w zak\u0142adce Wymogi edytorskie.<\/li>\n<!-- \/wp:list-item -->\n\n<!-- wp:list-item -->\n<li>Obj\u0119to\u015b\u0107 tekst\u00f3w przygotowanych do druku: od po\u0142owy do ca\u0142ego arkusza wydawniczego (40 000 znak\u00f3w ze spacjami). Referat obligatoryjnie powinien zawiera\u0107 abstrakt i s\u0142owa kluczowe w j\u0119zyku polskim i angielskim.<\/li>\n<!-- \/wp:list-item -->\n\n<!-- wp:list-item -->\n<li>Referat nale\u017cy opatrzy\u0107 pe\u0142n\u0105 afiliacj\u0105 autora (autor\u00f3w): tytu\u0142, stopie\u0144 naukowy, imi\u0119 i nazwisko, reprezentowana instytucja, adres e-mail (szczeg\u00f3\u0142owe dane osobowe dla potrzeb prac redakcyjnych).<\/li>\n<!-- \/wp:list-item -->\n\n<!-- wp:list-item -->\n<li>Za wyst\u0105pienia oraz za publikacj\u0119 referat\u00f3w autorzy nie otrzymuj\u0105 wynagrodzenia.<\/li>\n<!-- \/wp:list-item -->\n\n<!-- wp:list-item -->\n<li>W przypadku negatywnych recenzji artyku\u0142y nie b\u0119d\u0105 opublikowane.<\/li>\n<!-- \/wp:list-item -->\n\n<!-- wp:list-item -->\n<li>Zarejestrowani uczestnicy otrzymaj\u0105 imienny certyfikat potwierdzaj\u0105cy udzia\u0142 w Konferencji w wersji elektronicznej lub papierowej.<\/li>\n<!-- \/wp:list-item -->\n\n<!-- wp:list-item -->\n<li>Ochrona danych osobowych: W zg\u0142oszeniu na konferencj\u0119 Uczestnik wyra\u017ca swoj\u0105 wol\u0119 w zakresie przetwarzania przez WIT Szko\u0142\u0119 Wy\u017csz\u0105 danych osobowych dla cel\u00f3w organizacji konferencji i publikacji pokonferencyjnej.<\/li>\n<!-- \/wp:list-item --><\/ol>\n<!-- \/wp:list -->\t\t\t\t\t\t<\/div>\n\t\t\t\t<\/div>\n\t\t\t\t\t<\/div>\n\t\t<\/div>\n\t\t\t\t\t<\/div>\n\t\t<\/section>\n\t\t\t\t<section class=\"elementor-section elementor-top-section elementor-element elementor-element-28837e9f elementor-section-boxed elementor-section-height-default elementor-section-height-default\" data-id=\"28837e9f\" data-element_type=\"section\">\n\t\t\t\t\t\t<div class=\"elementor-container elementor-column-gap-default\">\n\t\t\t\t\t<div class=\"elementor-column elementor-col-100 elementor-top-column elementor-element elementor-element-42bcdd18\" data-id=\"42bcdd18\" data-element_type=\"column\">\n\t\t\t<div class=\"elementor-widget-wrap\">\n\t\t\t\t\t\t\t<\/div>\n\t\t<\/div>\n\t\t\t\t\t<\/div>\n\t\t<\/section>\n\t\t\t\t<\/div>\n\t\t","protected":false},"excerpt":{"rendered":"<p>KONFERENCJA Regulamin Mi\u0119dzynarodowej Konferencji Naukowej\u201eART-LANUGAGE-TECHNOLOGY\u201d<\/p>\n","protected":false},"author":1,"featured_media":0,"parent":0,"menu_order":0,"comment_status":"closed","ping_status":"closed","template":"elementor_header_footer","meta":{"footnotes":""},"class_list":["post-1005","page","type-page","status-publish","hentry"],"_links":{"self":[{"href":"https:\/\/speakart.wit.edu.pl\/index.php\/wp-json\/wp\/v2\/pages\/1005","targetHints":{"allow":["GET"]}}],"collection":[{"href":"https:\/\/speakart.wit.edu.pl\/index.php\/wp-json\/wp\/v2\/pages"}],"about":[{"href":"https:\/\/speakart.wit.edu.pl\/index.php\/wp-json\/wp\/v2\/types\/page"}],"author":[{"embeddable":true,"href":"https:\/\/speakart.wit.edu.pl\/index.php\/wp-json\/wp\/v2\/users\/1"}],"replies":[{"embeddable":true,"href":"https:\/\/speakart.wit.edu.pl\/index.php\/wp-json\/wp\/v2\/comments?post=1005"}],"version-history":[{"count":4,"href":"https:\/\/speakart.wit.edu.pl\/index.php\/wp-json\/wp\/v2\/pages\/1005\/revisions"}],"predecessor-version":[{"id":1009,"href":"https:\/\/speakart.wit.edu.pl\/index.php\/wp-json\/wp\/v2\/pages\/1005\/revisions\/1009"}],"wp:attachment":[{"href":"https:\/\/speakart.wit.edu.pl\/index.php\/wp-json\/wp\/v2\/media?parent=1005"}],"curies":[{"name":"wp","href":"https:\/\/api.w.org\/{rel}","templated":true}]}}